{"id":50548,"date":"2018-02-06T12:12:41","date_gmt":"2018-02-06T15:12:41","guid":{"rendered":"http:\/\/www.locally.com.ar\/?page_id=50548"},"modified":"2019-04-03T21:46:54","modified_gmt":"2019-04-03T19:46:54","slug":"datos-utiles-nordelta","status":"publish","type":"page","link":"http:\/\/way2internet.com\/proyectos4\/guialocally\/","title":{"rendered":"Datos Utiles"},"content":{"rendered":"<div class=\"wpb-content-wrapper\">[vc_row content_placement=\u00bbmiddle\u00bb][vc_column fixed=\u00bbtrue\u00bb css=\u00bb.vc_custom_1554150917238{background-image: url(http:\/\/way2internet.com\/proyectos4\/guialocally\/wp-content\/uploads\/sites\/29\/2019\/04\/header_datos_fullcolor.jpg?id=389) !important;}\u00bb][vc_column_text][gd_advanced_search show_adv_search=&#8217;always&#8217;][\/vc_column_text][\/vc_column][\/vc_row][vc_row css=\u00bb.vc_custom_1518005978053{margin-top: 15px !important;margin-bottom: 15px !important;padding-top: 15px !important;padding-bottom: 15px !important;}\u00bb][vc_column css=\u00bb.vc_custom_1519056394184{padding-bottom: 20px !important;}\u00bb][vc_column_text]\n<h3 style=\"text-align: center;\"><strong>Encontr\u00e1 lo que necesit\u00e1s en un s\u00f3lo lugar<\/strong><\/h3>\n<h4 style=\"text-align: center;\">B\u00fasqueda por Categor\u00eda<\/h4>\n[\/vc_column_text][\/vc_column][vc_column width=\u00bb1\/6&#8243;]<a class=\"image_link\" href=\"http:\/\/way2internet.com\/proyectos4\/guialocally\/datos-utiles-nordelta\/guia-de-barrios-nordelta\/\" target=\"\" title=\"\"><img width=\"186\" height=\"159\" src=\"http:\/\/way2internet.com\/proyectos4\/guialocally\/wp-content\/uploads\/sites\/29\/2019\/04\/ico_barrios_1.jpg\" class=\"thb_image animation scale center   attachment-full\" alt=\"\" loading=\"lazy\" title=\"ico_barrios_1\" srcset=\"http:\/\/way2internet.com\/proyectos4\/guialocally\/wp-content\/uploads\/sites\/29\/2019\/04\/ico_barrios_1.jpg 186w, http:\/\/way2internet.com\/proyectos4\/guialocally\/wp-content\/uploads\/sites\/29\/2019\/04\/ico_barrios_1-20x17.jpg 20w, http:\/\/way2internet.com\/proyectos4\/guialocally\/wp-content\/uploads\/sites\/29\/2019\/04\/ico_barrios_1-185x159.jpg 185w\" sizes=\"(max-width: 186px) 100vw, 186px\" \/><\/a>[\/vc_column][vc_column width=\u00bb1\/6&#8243;]<a class=\"image_link\" href=\"http:\/\/way2internet.com\/proyectos4\/guialocally\/datos-utiles-nordelta\/guia-de-colegios-nordelta\/\" target=\"\" title=\"\"><img width=\"186\" height=\"159\" src=\"http:\/\/way2internet.com\/proyectos4\/guialocally\/wp-content\/uploads\/sites\/29\/2019\/04\/ico_colegios.jpg\" class=\"thb_image animation scale center   attachment-full\" alt=\"\" loading=\"lazy\" title=\"ico_colegios\" srcset=\"http:\/\/way2internet.com\/proyectos4\/guialocally\/wp-content\/uploads\/sites\/29\/2019\/04\/ico_colegios.jpg 186w, http:\/\/way2internet.com\/proyectos4\/guialocally\/wp-content\/uploads\/sites\/29\/2019\/04\/ico_colegios-20x17.jpg 20w, http:\/\/way2internet.com\/proyectos4\/guialocally\/wp-content\/uploads\/sites\/29\/2019\/04\/ico_colegios-185x159.jpg 185w\" sizes=\"(max-width: 186px) 100vw, 186px\" \/><\/a>[\/vc_column][vc_column width=\u00bb1\/6&#8243;]<a class=\"image_link\" href=\"http:\/\/way2internet.com\/proyectos4\/guialocally\/datos-utiles-nordelta\/restaurantes-nordelta\/\" target=\"\" title=\"\"><img width=\"186\" height=\"159\" src=\"http:\/\/way2internet.com\/proyectos4\/guialocally\/wp-content\/uploads\/sites\/29\/2019\/04\/ico_restaurantes.jpg\" class=\"thb_image animation scale center   attachment-full\" alt=\"\" loading=\"lazy\" title=\"ico_restaurantes\" srcset=\"http:\/\/way2internet.com\/proyectos4\/guialocally\/wp-content\/uploads\/sites\/29\/2019\/04\/ico_restaurantes.jpg 186w, http:\/\/way2internet.com\/proyectos4\/guialocally\/wp-content\/uploads\/sites\/29\/2019\/04\/ico_restaurantes-20x17.jpg 20w, http:\/\/way2internet.com\/proyectos4\/guialocally\/wp-content\/uploads\/sites\/29\/2019\/04\/ico_restaurantes-185x159.jpg 185w\" sizes=\"(max-width: 186px) 100vw, 186px\" \/><\/a>[\/vc_column][vc_column width=\u00bb1\/6&#8243;]<a class=\"image_link\" href=\"http:\/\/way2internet.com\/proyectos4\/guialocally\/datos-utiles-nordelta\/guia-de-ong-en-nordelta\/\" target=\"\" title=\"\"><img width=\"186\" height=\"159\" src=\"http:\/\/way2internet.com\/proyectos4\/guialocally\/wp-content\/uploads\/sites\/29\/2019\/04\/ico_ong.jpg\" class=\"thb_image animation scale center   attachment-full\" alt=\"\" loading=\"lazy\" title=\"ico_ong\" srcset=\"http:\/\/way2internet.com\/proyectos4\/guialocally\/wp-content\/uploads\/sites\/29\/2019\/04\/ico_ong.jpg 186w, http:\/\/way2internet.com\/proyectos4\/guialocally\/wp-content\/uploads\/sites\/29\/2019\/04\/ico_ong-20x17.jpg 20w, http:\/\/way2internet.com\/proyectos4\/guialocally\/wp-content\/uploads\/sites\/29\/2019\/04\/ico_ong-185x159.jpg 185w\" sizes=\"(max-width: 186px) 100vw, 186px\" \/><\/a>[\/vc_column][vc_column width=\u00bb1\/6&#8243;]<a class=\"image_link\" href=\"http:\/\/way2internet.com\/proyectos4\/guialocally\/datos-utiles-nordelta\/horarios-de-misa\/\" target=\"\" title=\"\"><img width=\"186\" height=\"159\" src=\"http:\/\/way2internet.com\/proyectos4\/guialocally\/wp-content\/uploads\/sites\/29\/2019\/04\/ico_iglesias.jpg\" class=\"thb_image animation scale center   attachment-full\" alt=\"\" loading=\"lazy\" title=\"ico_iglesias\" srcset=\"http:\/\/way2internet.com\/proyectos4\/guialocally\/wp-content\/uploads\/sites\/29\/2019\/04\/ico_iglesias.jpg 186w, http:\/\/way2internet.com\/proyectos4\/guialocally\/wp-content\/uploads\/sites\/29\/2019\/04\/ico_iglesias-20x17.jpg 20w, http:\/\/way2internet.com\/proyectos4\/guialocally\/wp-content\/uploads\/sites\/29\/2019\/04\/ico_iglesias-185x159.jpg 185w\" sizes=\"(max-width: 186px) 100vw, 186px\" \/><\/a>[\/vc_column][vc_column width=\u00bb1\/6&#8243;]<a class=\"image_link\" href=\"http:\/\/way2internet.com\/proyectos4\/guialocally\/datos-utiles-nordelta\/guia-de-inmobiliarias-en-nordelta\/\" target=\"\" title=\"\"><img width=\"186\" height=\"159\" src=\"http:\/\/way2internet.com\/proyectos4\/guialocally\/wp-content\/uploads\/sites\/29\/2019\/04\/ico_inmobiliarias-1.jpg\" class=\"thb_image animation scale center   attachment-full\" alt=\"\" loading=\"lazy\" title=\"ico_inmobiliarias\" srcset=\"http:\/\/way2internet.com\/proyectos4\/guialocally\/wp-content\/uploads\/sites\/29\/2019\/04\/ico_inmobiliarias-1.jpg 186w, http:\/\/way2internet.com\/proyectos4\/guialocally\/wp-content\/uploads\/sites\/29\/2019\/04\/ico_inmobiliarias-1-20x17.jpg 20w, http:\/\/way2internet.com\/proyectos4\/guialocally\/wp-content\/uploads\/sites\/29\/2019\/04\/ico_inmobiliarias-1-185x159.jpg 185w\" sizes=\"(max-width: 186px) 100vw, 186px\" \/><\/a>[\/vc_column][\/vc_row][vc_row css=\u00bb.vc_custom_1518005978053{margin-top: 15px !important;margin-bottom: 15px !important;padding-top: 15px !important;padding-bottom: 15px !important;}\u00bb][vc_column width=\u00bb1\/6&#8243;]<a class=\"image_link\" href=\"http:\/\/way2internet.com\/proyectos4\/guialocally\/datos-utiles-nordelta\/guia-de-salud-en-nordelta\/\" target=\"\" title=\"\"><img width=\"186\" height=\"159\" src=\"http:\/\/way2internet.com\/proyectos4\/guialocally\/wp-content\/uploads\/sites\/29\/2019\/04\/ico_salud.jpg\" class=\"thb_image animation scale center   attachment-full\" alt=\"\" loading=\"lazy\" title=\"ico_salud\" srcset=\"http:\/\/way2internet.com\/proyectos4\/guialocally\/wp-content\/uploads\/sites\/29\/2019\/04\/ico_salud.jpg 186w, http:\/\/way2internet.com\/proyectos4\/guialocally\/wp-content\/uploads\/sites\/29\/2019\/04\/ico_salud-20x17.jpg 20w, http:\/\/way2internet.com\/proyectos4\/guialocally\/wp-content\/uploads\/sites\/29\/2019\/04\/ico_salud-185x159.jpg 185w\" sizes=\"(max-width: 186px) 100vw, 186px\" \/><\/a>[\/vc_column][vc_column width=\u00bb1\/6&#8243;]<a class=\"image_link\" href=\"http:\/\/way2internet.com\/proyectos4\/guialocally\/datos-utiles-nordelta\/guia-de-instituciones-en-nordelta\/\" target=\"\" title=\"\"><img width=\"186\" height=\"159\" src=\"http:\/\/way2internet.com\/proyectos4\/guialocally\/wp-content\/uploads\/sites\/29\/2019\/04\/ico_instituciones-1.jpg\" class=\"thb_image animation scale center   attachment-full\" alt=\"\" loading=\"lazy\" title=\"ico_instituciones-1\" srcset=\"http:\/\/way2internet.com\/proyectos4\/guialocally\/wp-content\/uploads\/sites\/29\/2019\/04\/ico_instituciones-1.jpg 186w, http:\/\/way2internet.com\/proyectos4\/guialocally\/wp-content\/uploads\/sites\/29\/2019\/04\/ico_instituciones-1-20x17.jpg 20w, http:\/\/way2internet.com\/proyectos4\/guialocally\/wp-content\/uploads\/sites\/29\/2019\/04\/ico_instituciones-1-185x159.jpg 185w\" sizes=\"(max-width: 186px) 100vw, 186px\" \/><\/a>[\/vc_column][vc_column width=\u00bb1\/6&#8243;]<a class=\"image_link\" href=\"http:\/\/way2internet.com\/proyectos4\/guialocally\/datos-utiles-nordelta\/guia-hogar-y-deco-en-nordelta\/\" target=\"\" title=\"\"><img width=\"186\" height=\"159\" src=\"http:\/\/way2internet.com\/proyectos4\/guialocally\/wp-content\/uploads\/sites\/29\/2019\/04\/ico_hogar-y-deco_-1.jpg\" class=\"thb_image animation scale center   attachment-full\" alt=\"\" loading=\"lazy\" title=\"ico_hogar-y-deco_\" srcset=\"http:\/\/way2internet.com\/proyectos4\/guialocally\/wp-content\/uploads\/sites\/29\/2019\/04\/ico_hogar-y-deco_-1.jpg 186w, http:\/\/way2internet.com\/proyectos4\/guialocally\/wp-content\/uploads\/sites\/29\/2019\/04\/ico_hogar-y-deco_-1-20x17.jpg 20w, http:\/\/way2internet.com\/proyectos4\/guialocally\/wp-content\/uploads\/sites\/29\/2019\/04\/ico_hogar-y-deco_-1-185x159.jpg 185w\" sizes=\"(max-width: 186px) 100vw, 186px\" \/><\/a>[\/vc_column][vc_column width=\u00bb1\/6&#8243;]<a class=\"image_link\" href=\"http:\/\/way2internet.com\/proyectos4\/guialocally\/datos-utiles-nordelta\/guia-de-comercios-y-empresas-de-nordelta\/\" target=\"\" title=\"\"><img width=\"186\" height=\"159\" src=\"http:\/\/way2internet.com\/proyectos4\/guialocally\/wp-content\/uploads\/sites\/29\/2019\/04\/ico_comercios.jpg\" class=\"thb_image animation scale center   attachment-full\" alt=\"\" loading=\"lazy\" title=\"ico_comercios\" srcset=\"http:\/\/way2internet.com\/proyectos4\/guialocally\/wp-content\/uploads\/sites\/29\/2019\/04\/ico_comercios.jpg 186w, http:\/\/way2internet.com\/proyectos4\/guialocally\/wp-content\/uploads\/sites\/29\/2019\/04\/ico_comercios-20x17.jpg 20w, http:\/\/way2internet.com\/proyectos4\/guialocally\/wp-content\/uploads\/sites\/29\/2019\/04\/ico_comercios-185x159.jpg 185w\" sizes=\"(max-width: 186px) 100vw, 186px\" \/><\/a>[\/vc_column][vc_column width=\u00bb1\/6&#8243;]<a class=\"image_link\" href=\"http:\/\/way2internet.com\/proyectos4\/guialocally\/datos-utiles-nordelta\/telefono-servicios-nordelta\/\" target=\"\" title=\"\"><img width=\"186\" height=\"159\" src=\"http:\/\/way2internet.com\/proyectos4\/guialocally\/wp-content\/uploads\/sites\/29\/2019\/04\/ico_servicios.jpg\" class=\"thb_image animation scale center   attachment-full\" alt=\"\" loading=\"lazy\" title=\"ico_servicios\" srcset=\"http:\/\/way2internet.com\/proyectos4\/guialocally\/wp-content\/uploads\/sites\/29\/2019\/04\/ico_servicios.jpg 186w, http:\/\/way2internet.com\/proyectos4\/guialocally\/wp-content\/uploads\/sites\/29\/2019\/04\/ico_servicios-20x17.jpg 20w, http:\/\/way2internet.com\/proyectos4\/guialocally\/wp-content\/uploads\/sites\/29\/2019\/04\/ico_servicios-185x159.jpg 185w\" sizes=\"(max-width: 186px) 100vw, 186px\" \/><\/a>[\/vc_column][vc_column width=\u00bb1\/6&#8243;]<a class=\"image_link\" href=\"http:\/\/way2internet.com\/proyectos4\/guialocally\/datos-utiles-nordelta\/guia-de-delivery-nordelta\/\" target=\"\" title=\"\"><img width=\"186\" height=\"159\" src=\"http:\/\/way2internet.com\/proyectos4\/guialocally\/wp-content\/uploads\/sites\/29\/2019\/04\/ico_delivery.jpg\" class=\"thb_image animation scale center   attachment-full\" alt=\"\" loading=\"lazy\" title=\"ico_delivery\" srcset=\"http:\/\/way2internet.com\/proyectos4\/guialocally\/wp-content\/uploads\/sites\/29\/2019\/04\/ico_delivery.jpg 186w, http:\/\/way2internet.com\/proyectos4\/guialocally\/wp-content\/uploads\/sites\/29\/2019\/04\/ico_delivery-20x17.jpg 20w, http:\/\/way2internet.com\/proyectos4\/guialocally\/wp-content\/uploads\/sites\/29\/2019\/04\/ico_delivery-185x159.jpg 185w\" sizes=\"(max-width: 186px) 100vw, 186px\" \/><\/a>[\/vc_column][\/vc_row][vc_row css=\u00bb.vc_custom_1518005978053{margin-top: 15px !important;margin-bottom: 15px !important;padding-top: 15px !important;padding-bottom: 15px !important;}\u00bb][vc_column width=\u00bb1\/6&#8243;]<a class=\"image_link\" href=\"http:\/\/way2internet.com\/proyectos4\/guialocally\/datos-utiles-nordelta\/guia-de-cursos-y-actividades-nordelta\/\" target=\"\" title=\"\"><img width=\"186\" height=\"159\" src=\"http:\/\/way2internet.com\/proyectos4\/guialocally\/wp-content\/uploads\/sites\/29\/2019\/04\/ico_cursos.jpg\" class=\"thb_image animation scale center   attachment-full\" alt=\"\" loading=\"lazy\" title=\"ico_cursos\" srcset=\"http:\/\/way2internet.com\/proyectos4\/guialocally\/wp-content\/uploads\/sites\/29\/2019\/04\/ico_cursos.jpg 186w, http:\/\/way2internet.com\/proyectos4\/guialocally\/wp-content\/uploads\/sites\/29\/2019\/04\/ico_cursos-20x17.jpg 20w, http:\/\/way2internet.com\/proyectos4\/guialocally\/wp-content\/uploads\/sites\/29\/2019\/04\/ico_cursos-185x159.jpg 185w\" sizes=\"(max-width: 186px) 100vw, 186px\" \/><\/a>[\/vc_column][vc_column width=\u00bb1\/6&#8243;]<a class=\"image_link\" href=\"http:\/\/way2internet.com\/proyectos4\/guialocally\/datos-utiles-nordelta\/guia-de-transporte-en-nordelta\/\" target=\"\" title=\"\"><img width=\"186\" height=\"159\" src=\"http:\/\/way2internet.com\/proyectos4\/guialocally\/wp-content\/uploads\/sites\/29\/2019\/04\/ico_transporte.jpg\" class=\"thb_image animation scale center   attachment-full\" alt=\"\" loading=\"lazy\" title=\"ico_transporte\" srcset=\"http:\/\/way2internet.com\/proyectos4\/guialocally\/wp-content\/uploads\/sites\/29\/2019\/04\/ico_transporte.jpg 186w, http:\/\/way2internet.com\/proyectos4\/guialocally\/wp-content\/uploads\/sites\/29\/2019\/04\/ico_transporte-20x17.jpg 20w, http:\/\/way2internet.com\/proyectos4\/guialocally\/wp-content\/uploads\/sites\/29\/2019\/04\/ico_transporte-185x159.jpg 185w\" sizes=\"(max-width: 186px) 100vw, 186px\" \/><\/a>[\/vc_column][vc_column width=\u00bb1\/6&#8243;]<a class=\"image_link\" href=\"http:\/\/way2internet.com\/proyectos4\/guialocally\/datos-utiles-nordelta\/guia-de-profesionales-en-nordelta\/\" target=\"\" title=\"\"><img width=\"186\" height=\"159\" src=\"http:\/\/way2internet.com\/proyectos4\/guialocally\/wp-content\/uploads\/sites\/29\/2019\/04\/ico_profesionales.jpg\" class=\"thb_image animation scale center   attachment-full\" alt=\"\" loading=\"lazy\" title=\"ico_profesionales\" srcset=\"http:\/\/way2internet.com\/proyectos4\/guialocally\/wp-content\/uploads\/sites\/29\/2019\/04\/ico_profesionales.jpg 186w, http:\/\/way2internet.com\/proyectos4\/guialocally\/wp-content\/uploads\/sites\/29\/2019\/04\/ico_profesionales-20x17.jpg 20w, http:\/\/way2internet.com\/proyectos4\/guialocally\/wp-content\/uploads\/sites\/29\/2019\/04\/ico_profesionales-185x159.jpg 185w\" sizes=\"(max-width: 186px) 100vw, 186px\" \/><\/a>[\/vc_column][vc_column width=\u00bb1\/6&#8243;]<a class=\"image_link\" href=\"http:\/\/way2internet.com\/proyectos4\/guialocally\/datos-utiles-nordelta\/guia-de-eventos-en-nordelta\/\" target=\"\" title=\"\"><img width=\"186\" height=\"159\" src=\"http:\/\/way2internet.com\/proyectos4\/guialocally\/wp-content\/uploads\/sites\/29\/2019\/04\/ico_eventos.jpg\" class=\"thb_image animation scale center   attachment-full\" alt=\"\" loading=\"lazy\" title=\"ico_eventos\" srcset=\"http:\/\/way2internet.com\/proyectos4\/guialocally\/wp-content\/uploads\/sites\/29\/2019\/04\/ico_eventos.jpg 186w, http:\/\/way2internet.com\/proyectos4\/guialocally\/wp-content\/uploads\/sites\/29\/2019\/04\/ico_eventos-20x17.jpg 20w, http:\/\/way2internet.com\/proyectos4\/guialocally\/wp-content\/uploads\/sites\/29\/2019\/04\/ico_eventos-185x159.jpg 185w\" sizes=\"(max-width: 186px) 100vw, 186px\" \/><\/a>[\/vc_column][vc_column width=\u00bb1\/6&#8243;]<a class=\"image_link\" href=\"http:\/\/way2internet.com\/proyectos4\/guialocally\/datos-utiles-nordelta\/guia-de-autos-motos-y-lanchas-en-nordelta\/\" target=\"\" title=\"\"><img width=\"186\" height=\"159\" src=\"http:\/\/way2internet.com\/proyectos4\/guialocally\/wp-content\/uploads\/sites\/29\/2019\/04\/ico_autos.jpg\" class=\"thb_image animation scale center   attachment-full\" alt=\"\" loading=\"lazy\" title=\"ico_autos\" srcset=\"http:\/\/way2internet.com\/proyectos4\/guialocally\/wp-content\/uploads\/sites\/29\/2019\/04\/ico_autos.jpg 186w, http:\/\/way2internet.com\/proyectos4\/guialocally\/wp-content\/uploads\/sites\/29\/2019\/04\/ico_autos-20x17.jpg 20w, http:\/\/way2internet.com\/proyectos4\/guialocally\/wp-content\/uploads\/sites\/29\/2019\/04\/ico_autos-185x159.jpg 185w\" sizes=\"(max-width: 186px) 100vw, 186px\" \/><\/a>[\/vc_column][vc_column width=\u00bb1\/6&#8243;][\/vc_column][\/vc_row][vc_row css=\u00bb.vc_custom_1517941453193{margin-bottom: 15px !important;}\u00bb][vc_column css=\u00bb.vc_custom_1519056370007{padding-bottom: 20px !important;}\u00bb][vc_column_text]\n<h3 style=\"text-align: center;\"><strong>Eleg\u00ed en el mapa la categor\u00eda y busc\u00e1 por ubicaci\u00f3n<\/strong><\/h3>\n[\/vc_column_text][\/vc_column][vc_column][vc_column_text][gd_homepage_map width=100% height=400 scrollwheel=false child_collapse=true][\/vc_column_text][\/vc_column][\/vc_row]\n<\/div>","protected":false},"excerpt":{"rendered":"<p>[vc_row content_placement=\u00bbmiddle\u00bb][vc_column fixed=\u00bbtrue\u00bb css=\u00bb.vc_custom_1554150917238{background-image: url(http:\/\/way2internet.com\/proyectos4\/guialocally\/wp-content\/uploads\/sites\/29\/2019\/04\/header_datos_fullcolor.jpg?id=389) !important;}\u00bb][vc_column_text][gd_advanced_search show_adv_search=&#8217;always&#8217;][\/vc_column_text][\/vc_column][\/vc_row][vc_row css=\u00bb.vc_custom_1518005978053{margin-top: 15px !important;margin-bottom: 15px !important;padding-top: 15px !important;padding-bottom: 15px !important;}\u00bb][vc_column css=\u00bb.vc_custom_1519056394184{padding-bottom: 20px !important;}\u00bb][vc_column_text] Encontr\u00e1 lo que necesit\u00e1s en un s\u00f3lo lugar B\u00fasqueda por Categor\u00eda [\/vc_column_text][\/vc_column][vc_column width=\u00bb1\/6&#8243;][\/vc_column][vc_column width=\u00bb1\/6&#8243;][\/vc_column][vc_column width=\u00bb1\/6&#8243;][\/vc_column][vc_column width=\u00bb1\/6&#8243;][\/vc_column][vc_column width=\u00bb1\/6&#8243;][\/vc_column][vc_column width=\u00bb1\/6&#8243;][\/vc_column][\/vc_row][vc_row css=\u00bb.vc_custom_1518005978053{margin-top: 15px !important;margin-bottom: 15px !important;padding-top: 15px !important;padding-bottom: 15px !important;}\u00bb][vc_column width=\u00bb1\/6&#8243;][\/vc_column][vc_column width=\u00bb1\/6&#8243;][\/vc_column][vc_column width=\u00bb1\/6&#8243;][\/vc_column][vc_column width=\u00bb1\/6&#8243;][\/vc_column][vc_column width=\u00bb1\/6&#8243;][\/vc_column][vc_column width=\u00bb1\/6&#8243;][\/vc_column][\/vc_row][vc_row css=\u00bb.vc_custom_1518005978053{margin-top: 15px !important;margin-bottom:&hellip;<\/p>\n","protected":false},"author":3,"featured_media":0,"parent":0,"menu_order":0,"comment_status":"closed","ping_status":"closed","template":"","meta":[],"_links":{"self":[{"href":"http:\/\/way2internet.com\/proyectos4\/guialocally\/wp-json\/wp\/v2\/pages\/50548"}],"collection":[{"href":"http:\/\/way2internet.com\/proyectos4\/guialocally\/wp-json\/wp\/v2\/pages"}],"about":[{"href":"http:\/\/way2internet.com\/proyectos4\/guialocally\/wp-json\/wp\/v2\/types\/page"}],"author":[{"embeddable":true,"href":"http:\/\/way2internet.com\/proyectos4\/guialocally\/wp-json\/wp\/v2\/users\/3"}],"replies":[{"embeddable":true,"href":"http:\/\/way2internet.com\/proyectos4\/guialocally\/wp-json\/wp\/v2\/comments?post=50548"}],"version-history":[{"count":1,"href":"http:\/\/way2internet.com\/proyectos4\/guialocally\/wp-json\/wp\/v2\/pages\/50548\/revisions"}],"predecessor-version":[{"id":52726,"href":"http:\/\/way2internet.com\/proyectos4\/guialocally\/wp-json\/wp\/v2\/pages\/50548\/revisions\/52726"}],"wp:attachment":[{"href":"http:\/\/way2internet.com\/proyectos4\/guialocally\/wp-json\/wp\/v2\/media?parent=50548"}],"curies":[{"name":"wp","href":"https:\/\/api.w.org\/{rel}","templated":true}]}}