{"id":210,"date":"2022-07-14T18:56:59","date_gmt":"2022-07-14T18:56:59","guid":{"rendered":"http:\/\/way2internet.com\/proyectos\/lab\/?post_type=product&#038;p=210"},"modified":"2022-07-14T18:58:21","modified_gmt":"2022-07-14T18:58:21","slug":"picada-de-campo","status":"publish","type":"product","link":"http:\/\/way2internet.com\/proyectos\/lab\/producto\/picada-de-campo\/","title":{"rendered":"Picada de Campo"},"content":{"rendered":"","protected":false},"excerpt":{"rendered":"<p><strong>Quesos<\/strong><\/p>\n<p>Criollo &#8211; De Campo &#8211; Gouda Ahumado &#8211; Peccorino<\/p>\n<p><strong>Fiambres<\/strong><\/p>\n<p>Jam\u00f3n Asado &#8211; Salame Genov\u00e9s &#8211; Bondiola Curada &#8211; Jam\u00f3n Crudo Serrano &#8211; Salame Italiano &#8211; Pate Ahumado<\/p>\n<p><strong>Adicionales<\/strong><\/p>\n<p>Aceitunas Verdes &#8211; Queso Crema C\/Ciboulette &#8211; Pan de Masa Madre (dependiendo el formato)<br \/>\nCiabatta | Media Barra | Campesino<\/p>\n<p><strong>La picada perfecta para vos<\/strong><\/p>\n<p>Todas nuestras tablas vienen presentadas en caja y bandejas especiales. Son abundantes: se calcula entre 300 y 350 gr por persona + Pan de Masa Madre.<\/p>\n","protected":false},"featured_media":232,"comment_status":"closed","ping_status":"closed","template":"","meta":[],"product_cat":[64],"product_tag":[],"yoast_head":"<!-- This site is optimized with the Yoast SEO plugin v19.3 - https:\/\/yoast.com\/wordpress\/plugins\/seo\/ -->\n<title>Picada de Campo - Lab<\/title>\n<meta name=\"robots\" content=\"index, follow, max-snippet:-1, max-image-preview:large, max-video-preview:-1\" \/>\n<link rel=\"canonical\" href=\"http:\/\/way2internet.com\/proyectos\/lab\/producto\/picada-de-campo\/\" \/>\n<meta property=\"og:locale\" content=\"es_ES\" \/>\n<meta property=\"og:type\" content=\"article\" \/>\n<meta property=\"og:title\" content=\"Picada de Campo - Lab\" \/>\n<meta property=\"og:description\" content=\"Quesos  Criollo - De Campo - Gouda Ahumado - Peccorino  Fiambres  Jam\u00f3n Asado - Salame Genov\u00e9s - Bondiola Curada - Jam\u00f3n Crudo Serrano - Salame Italiano - Pate Ahumado  Adicionales  Aceitunas Verdes - Queso Crema C\/Ciboulette - Pan de Masa Madre (dependiendo el formato) Ciabatta | Media Barra | Campesino  La picada perfecta para vos  Todas nuestras tablas vienen presentadas en caja y bandejas especiales. Son abundantes: se calcula entre 300 y 350 gr por persona + Pan de Masa Madre.\" \/>\n<meta property=\"og:url\" content=\"http:\/\/way2internet.com\/proyectos\/lab\/producto\/picada-de-campo\/\" \/>\n<meta property=\"og:site_name\" content=\"Lab\" \/>\n<meta property=\"article:modified_time\" content=\"2022-07-14T18:58:21+00:00\" \/>\n<meta name=\"twitter:card\" content=\"summary_large_image\" \/>\n<script type=\"application\/ld+json\" class=\"yoast-schema-graph\">{\"@context\":\"https:\/\/schema.org\",\"@graph\":[{\"@type\":\"WebSite\",\"@id\":\"http:\/\/way2internet.com\/proyectos\/lab\/#website\",\"url\":\"http:\/\/way2internet.com\/proyectos\/lab\/\",\"name\":\"Lab\",\"description\":\"\",\"potentialAction\":[{\"@type\":\"SearchAction\",\"target\":{\"@type\":\"EntryPoint\",\"urlTemplate\":\"http:\/\/way2internet.com\/proyectos\/lab\/?s={search_term_string}\"},\"query-input\":\"required name=search_term_string\"}],\"inLanguage\":\"es\"},{\"@type\":\"ImageObject\",\"inLanguage\":\"es\",\"@id\":\"http:\/\/way2internet.com\/proyectos\/lab\/producto\/picada-de-campo\/#primaryimage\",\"url\":\"http:\/\/way2internet.com\/proyectos\/lab\/files\/2022\/07\/De-Campo.jpg\",\"contentUrl\":\"http:\/\/way2internet.com\/proyectos\/lab\/files\/2022\/07\/De-Campo.jpg\",\"width\":1000,\"height\":1000},{\"@type\":\"WebPage\",\"@id\":\"http:\/\/way2internet.com\/proyectos\/lab\/producto\/picada-de-campo\/\",\"url\":\"http:\/\/way2internet.com\/proyectos\/lab\/producto\/picada-de-campo\/\",\"name\":\"Picada de Campo - Lab\",\"isPartOf\":{\"@id\":\"http:\/\/way2internet.com\/proyectos\/lab\/#website\"},\"primaryImageOfPage\":{\"@id\":\"http:\/\/way2internet.com\/proyectos\/lab\/producto\/picada-de-campo\/#primaryimage\"},\"datePublished\":\"2022-07-14T18:56:59+00:00\",\"dateModified\":\"2022-07-14T18:58:21+00:00\",\"breadcrumb\":{\"@id\":\"http:\/\/way2internet.com\/proyectos\/lab\/producto\/picada-de-campo\/#breadcrumb\"},\"inLanguage\":\"es\",\"potentialAction\":[{\"@type\":\"ReadAction\",\"target\":[\"http:\/\/way2internet.com\/proyectos\/lab\/producto\/picada-de-campo\/\"]}]},{\"@type\":\"BreadcrumbList\",\"@id\":\"http:\/\/way2internet.com\/proyectos\/lab\/producto\/picada-de-campo\/#breadcrumb\",\"itemListElement\":[{\"@type\":\"ListItem\",\"position\":1,\"name\":\"Portada\",\"item\":\"http:\/\/way2internet.com\/proyectos\/lab\/\"},{\"@type\":\"ListItem\",\"position\":2,\"name\":\"Tienda\",\"item\":\"http:\/\/way2internet.com\/proyectos\/lab\/tienda\/\"},{\"@type\":\"ListItem\",\"position\":3,\"name\":\"Picada de Campo\"}]}]}<\/script>\n<!-- \/ Yoast SEO plugin. -->","yoast_head_json":{"title":"Picada de Campo - Lab","robots":{"index":"index","follow":"follow","max-snippet":"max-snippet:-1","max-image-preview":"max-image-preview:large","max-video-preview":"max-video-preview:-1"},"canonical":"http:\/\/way2internet.com\/proyectos\/lab\/producto\/picada-de-campo\/","og_locale":"es_ES","og_type":"article","og_title":"Picada de Campo - Lab","og_description":"Quesos  Criollo - De Campo - Gouda Ahumado - Peccorino  Fiambres  Jam\u00f3n Asado - Salame Genov\u00e9s - Bondiola Curada - Jam\u00f3n Crudo Serrano - Salame Italiano - Pate Ahumado  Adicionales  Aceitunas Verdes - Queso Crema C\/Ciboulette - Pan de Masa Madre (dependiendo el formato) Ciabatta | Media Barra | Campesino  La picada perfecta para vos  Todas nuestras tablas vienen presentadas en caja y bandejas especiales. Son abundantes: se calcula entre 300 y 350 gr por persona + Pan de Masa Madre.","og_url":"http:\/\/way2internet.com\/proyectos\/lab\/producto\/picada-de-campo\/","og_site_name":"Lab","article_modified_time":"2022-07-14T18:58:21+00:00","twitter_card":"summary_large_image","schema":{"@context":"https:\/\/schema.org","@graph":[{"@type":"WebSite","@id":"http:\/\/way2internet.com\/proyectos\/lab\/#website","url":"http:\/\/way2internet.com\/proyectos\/lab\/","name":"Lab","description":"","potentialAction":[{"@type":"SearchAction","target":{"@type":"EntryPoint","urlTemplate":"http:\/\/way2internet.com\/proyectos\/lab\/?s={search_term_string}"},"query-input":"required name=search_term_string"}],"inLanguage":"es"},{"@type":"ImageObject","inLanguage":"es","@id":"http:\/\/way2internet.com\/proyectos\/lab\/producto\/picada-de-campo\/#primaryimage","url":"http:\/\/way2internet.com\/proyectos\/lab\/files\/2022\/07\/De-Campo.jpg","contentUrl":"http:\/\/way2internet.com\/proyectos\/lab\/files\/2022\/07\/De-Campo.jpg","width":1000,"height":1000},{"@type":"WebPage","@id":"http:\/\/way2internet.com\/proyectos\/lab\/producto\/picada-de-campo\/","url":"http:\/\/way2internet.com\/proyectos\/lab\/producto\/picada-de-campo\/","name":"Picada de Campo - Lab","isPartOf":{"@id":"http:\/\/way2internet.com\/proyectos\/lab\/#website"},"primaryImageOfPage":{"@id":"http:\/\/way2internet.com\/proyectos\/lab\/producto\/picada-de-campo\/#primaryimage"},"datePublished":"2022-07-14T18:56:59+00:00","dateModified":"2022-07-14T18:58:21+00:00","breadcrumb":{"@id":"http:\/\/way2internet.com\/proyectos\/lab\/producto\/picada-de-campo\/#breadcrumb"},"inLanguage":"es","potentialAction":[{"@type":"ReadAction","target":["http:\/\/way2internet.com\/proyectos\/lab\/producto\/picada-de-campo\/"]}]},{"@type":"BreadcrumbList","@id":"http:\/\/way2internet.com\/proyectos\/lab\/producto\/picada-de-campo\/#breadcrumb","itemListElement":[{"@type":"ListItem","position":1,"name":"Portada","item":"http:\/\/way2internet.com\/proyectos\/lab\/"},{"@type":"ListItem","position":2,"name":"Tienda","item":"http:\/\/way2internet.com\/proyectos\/lab\/tienda\/"},{"@type":"ListItem","position":3,"name":"Picada de Campo"}]}]}},"_links":{"self":[{"href":"http:\/\/way2internet.com\/proyectos\/lab\/wp-json\/wp\/v2\/product\/210"}],"collection":[{"href":"http:\/\/way2internet.com\/proyectos\/lab\/wp-json\/wp\/v2\/product"}],"about":[{"href":"http:\/\/way2internet.com\/proyectos\/lab\/wp-json\/wp\/v2\/types\/product"}],"replies":[{"embeddable":true,"href":"http:\/\/way2internet.com\/proyectos\/lab\/wp-json\/wp\/v2\/comments?post=210"}],"wp:featuredmedia":[{"embeddable":true,"href":"http:\/\/way2internet.com\/proyectos\/lab\/wp-json\/wp\/v2\/media\/232"}],"wp:attachment":[{"href":"http:\/\/way2internet.com\/proyectos\/lab\/wp-json\/wp\/v2\/media?parent=210"}],"wp:term":[{"taxonomy":"product_cat","embeddable":true,"href":"http:\/\/way2internet.com\/proyectos\/lab\/wp-json\/wp\/v2\/product_cat?post=210"},{"taxonomy":"product_tag","embeddable":true,"href":"http:\/\/way2internet.com\/proyectos\/lab\/wp-json\/wp\/v2\/product_tag?post=210"}],"curies":[{"name":"wp","href":"https:\/\/api.w.org\/{rel}","templated":true}]}}