{"id":202,"date":"2022-07-14T18:56:55","date_gmt":"2022-07-14T18:56:55","guid":{"rendered":"http:\/\/way2internet.com\/proyectos\/lab\/?post_type=product&#038;p=202"},"modified":"2022-07-14T18:57:26","modified_gmt":"2022-07-14T18:57:26","slug":"picada-clasica","status":"publish","type":"product","link":"http:\/\/way2internet.com\/proyectos\/lab\/producto\/picada-clasica\/","title":{"rendered":"Picada Cl\u00e1sica"},"content":{"rendered":"","protected":false},"excerpt":{"rendered":"<p style=\"text-align: left\"><strong>Quesos<\/strong><\/p>\n<p style=\"text-align: left\">Pategr\u00e1s &#8211; Gouda &#8211; Sardo &#8211; Barra Ahumada<\/p>\n<p style=\"text-align: left\"><strong>Fiambres<\/strong><\/p>\n<p style=\"text-align: left\">Salame Mil\u00e1n &#8211; Mortadela Italiana &#8211; Jam\u00f3n Cocido Natural Italiano &#8211; Jam\u00f3n Crudo Vitto &#8211; Pavita<\/p>\n<p style=\"text-align: left\"><strong>Adicionales<\/strong><\/p>\n<p style=\"text-align: left\">Aceitunas Verdes &#8211; Queso Crema C\/Ciboulette &#8211; Pan de Masa Madre (dependiendo el formato)<br \/>\nCiabatta | Media Barra | Campesino<\/p>\n<p><strong>La picada perfecta para vos<\/strong><\/p>\n<p style=\"text-align: left\">Todas nuestras tablas vienen presentadas en caja y bandejas especiales. Son abundantes: se calcula entre 300 y 350 gr por persona + Pan de Masa Madre.<\/p>\n","protected":false},"featured_media":226,"comment_status":"closed","ping_status":"closed","template":"","meta":[],"product_cat":[64],"product_tag":[],"yoast_head":"<!-- This site is optimized with the Yoast SEO plugin v19.3 - https:\/\/yoast.com\/wordpress\/plugins\/seo\/ -->\n<title>Picada Cl\u00e1sica - Lab<\/title>\n<meta name=\"robots\" content=\"index, follow, max-snippet:-1, max-image-preview:large, max-video-preview:-1\" \/>\n<link rel=\"canonical\" href=\"http:\/\/way2internet.com\/proyectos\/lab\/producto\/picada-clasica\/\" \/>\n<meta property=\"og:locale\" content=\"es_ES\" \/>\n<meta property=\"og:type\" content=\"article\" \/>\n<meta property=\"og:title\" content=\"Picada Cl\u00e1sica - Lab\" \/>\n<meta property=\"og:description\" content=\"Quesos Pategr\u00e1s - Gouda - Sardo - Barra Ahumada Fiambres Salame Mil\u00e1n - Mortadela Italiana - Jam\u00f3n Cocido Natural Italiano - Jam\u00f3n Crudo Vitto - Pavita Adicionales Aceitunas Verdes - Queso Crema C\/Ciboulette - Pan de Masa Madre (dependiendo el formato) Ciabatta | Media Barra | Campesino La picada perfecta para vos Todas nuestras tablas vienen presentadas en caja y bandejas especiales. Son abundantes: se calcula entre 300 y 350 gr por persona + Pan de Masa Madre.\" \/>\n<meta property=\"og:url\" content=\"http:\/\/way2internet.com\/proyectos\/lab\/producto\/picada-clasica\/\" \/>\n<meta property=\"og:site_name\" content=\"Lab\" \/>\n<meta property=\"article:modified_time\" content=\"2022-07-14T18:57:26+00:00\" \/>\n<meta property=\"og:image\" content=\"http:\/\/way2internet.com\/proyectos\/lab\/files\/2022\/07\/Clasica.jpg\" \/>\n\t<meta property=\"og:image:width\" content=\"1000\" \/>\n\t<meta property=\"og:image:height\" content=\"1000\" \/>\n\t<meta property=\"og:image:type\" content=\"image\/jpeg\" \/>\n<meta name=\"twitter:card\" content=\"summary_large_image\" \/>\n<script type=\"application\/ld+json\" class=\"yoast-schema-graph\">{\"@context\":\"https:\/\/schema.org\",\"@graph\":[{\"@type\":\"WebSite\",\"@id\":\"http:\/\/way2internet.com\/proyectos\/lab\/#website\",\"url\":\"http:\/\/way2internet.com\/proyectos\/lab\/\",\"name\":\"Lab\",\"description\":\"\",\"potentialAction\":[{\"@type\":\"SearchAction\",\"target\":{\"@type\":\"EntryPoint\",\"urlTemplate\":\"http:\/\/way2internet.com\/proyectos\/lab\/?s={search_term_string}\"},\"query-input\":\"required name=search_term_string\"}],\"inLanguage\":\"es\"},{\"@type\":\"ImageObject\",\"inLanguage\":\"es\",\"@id\":\"http:\/\/way2internet.com\/proyectos\/lab\/producto\/picada-clasica\/#primaryimage\",\"url\":\"http:\/\/way2internet.com\/proyectos\/lab\/files\/2022\/07\/Clasica.jpg\",\"contentUrl\":\"http:\/\/way2internet.com\/proyectos\/lab\/files\/2022\/07\/Clasica.jpg\",\"width\":1000,\"height\":1000},{\"@type\":\"WebPage\",\"@id\":\"http:\/\/way2internet.com\/proyectos\/lab\/producto\/picada-clasica\/\",\"url\":\"http:\/\/way2internet.com\/proyectos\/lab\/producto\/picada-clasica\/\",\"name\":\"Picada Cl\u00e1sica - Lab\",\"isPartOf\":{\"@id\":\"http:\/\/way2internet.com\/proyectos\/lab\/#website\"},\"primaryImageOfPage\":{\"@id\":\"http:\/\/way2internet.com\/proyectos\/lab\/producto\/picada-clasica\/#primaryimage\"},\"datePublished\":\"2022-07-14T18:56:55+00:00\",\"dateModified\":\"2022-07-14T18:57:26+00:00\",\"breadcrumb\":{\"@id\":\"http:\/\/way2internet.com\/proyectos\/lab\/producto\/picada-clasica\/#breadcrumb\"},\"inLanguage\":\"es\",\"potentialAction\":[{\"@type\":\"ReadAction\",\"target\":[\"http:\/\/way2internet.com\/proyectos\/lab\/producto\/picada-clasica\/\"]}]},{\"@type\":\"BreadcrumbList\",\"@id\":\"http:\/\/way2internet.com\/proyectos\/lab\/producto\/picada-clasica\/#breadcrumb\",\"itemListElement\":[{\"@type\":\"ListItem\",\"position\":1,\"name\":\"Portada\",\"item\":\"http:\/\/way2internet.com\/proyectos\/lab\/\"},{\"@type\":\"ListItem\",\"position\":2,\"name\":\"Tienda\",\"item\":\"http:\/\/way2internet.com\/proyectos\/lab\/tienda\/\"},{\"@type\":\"ListItem\",\"position\":3,\"name\":\"Picada Cl\u00e1sica\"}]}]}<\/script>\n<!-- \/ Yoast SEO plugin. -->","yoast_head_json":{"title":"Picada Cl\u00e1sica - Lab","robots":{"index":"index","follow":"follow","max-snippet":"max-snippet:-1","max-image-preview":"max-image-preview:large","max-video-preview":"max-video-preview:-1"},"canonical":"http:\/\/way2internet.com\/proyectos\/lab\/producto\/picada-clasica\/","og_locale":"es_ES","og_type":"article","og_title":"Picada Cl\u00e1sica - Lab","og_description":"Quesos Pategr\u00e1s - Gouda - Sardo - Barra Ahumada Fiambres Salame Mil\u00e1n - Mortadela Italiana - Jam\u00f3n Cocido Natural Italiano - Jam\u00f3n Crudo Vitto - Pavita Adicionales Aceitunas Verdes - Queso Crema C\/Ciboulette - Pan de Masa Madre (dependiendo el formato) Ciabatta | Media Barra | Campesino La picada perfecta para vos Todas nuestras tablas vienen presentadas en caja y bandejas especiales. Son abundantes: se calcula entre 300 y 350 gr por persona + Pan de Masa Madre.","og_url":"http:\/\/way2internet.com\/proyectos\/lab\/producto\/picada-clasica\/","og_site_name":"Lab","article_modified_time":"2022-07-14T18:57:26+00:00","og_image":[{"width":1000,"height":1000,"url":"http:\/\/way2internet.com\/proyectos\/lab\/files\/2022\/07\/Clasica.jpg","type":"image\/jpeg"}],"twitter_card":"summary_large_image","schema":{"@context":"https:\/\/schema.org","@graph":[{"@type":"WebSite","@id":"http:\/\/way2internet.com\/proyectos\/lab\/#website","url":"http:\/\/way2internet.com\/proyectos\/lab\/","name":"Lab","description":"","potentialAction":[{"@type":"SearchAction","target":{"@type":"EntryPoint","urlTemplate":"http:\/\/way2internet.com\/proyectos\/lab\/?s={search_term_string}"},"query-input":"required name=search_term_string"}],"inLanguage":"es"},{"@type":"ImageObject","inLanguage":"es","@id":"http:\/\/way2internet.com\/proyectos\/lab\/producto\/picada-clasica\/#primaryimage","url":"http:\/\/way2internet.com\/proyectos\/lab\/files\/2022\/07\/Clasica.jpg","contentUrl":"http:\/\/way2internet.com\/proyectos\/lab\/files\/2022\/07\/Clasica.jpg","width":1000,"height":1000},{"@type":"WebPage","@id":"http:\/\/way2internet.com\/proyectos\/lab\/producto\/picada-clasica\/","url":"http:\/\/way2internet.com\/proyectos\/lab\/producto\/picada-clasica\/","name":"Picada Cl\u00e1sica - Lab","isPartOf":{"@id":"http:\/\/way2internet.com\/proyectos\/lab\/#website"},"primaryImageOfPage":{"@id":"http:\/\/way2internet.com\/proyectos\/lab\/producto\/picada-clasica\/#primaryimage"},"datePublished":"2022-07-14T18:56:55+00:00","dateModified":"2022-07-14T18:57:26+00:00","breadcrumb":{"@id":"http:\/\/way2internet.com\/proyectos\/lab\/producto\/picada-clasica\/#breadcrumb"},"inLanguage":"es","potentialAction":[{"@type":"ReadAction","target":["http:\/\/way2internet.com\/proyectos\/lab\/producto\/picada-clasica\/"]}]},{"@type":"BreadcrumbList","@id":"http:\/\/way2internet.com\/proyectos\/lab\/producto\/picada-clasica\/#breadcrumb","itemListElement":[{"@type":"ListItem","position":1,"name":"Portada","item":"http:\/\/way2internet.com\/proyectos\/lab\/"},{"@type":"ListItem","position":2,"name":"Tienda","item":"http:\/\/way2internet.com\/proyectos\/lab\/tienda\/"},{"@type":"ListItem","position":3,"name":"Picada Cl\u00e1sica"}]}]}},"_links":{"self":[{"href":"http:\/\/way2internet.com\/proyectos\/lab\/wp-json\/wp\/v2\/product\/202"}],"collection":[{"href":"http:\/\/way2internet.com\/proyectos\/lab\/wp-json\/wp\/v2\/product"}],"about":[{"href":"http:\/\/way2internet.com\/proyectos\/lab\/wp-json\/wp\/v2\/types\/product"}],"replies":[{"embeddable":true,"href":"http:\/\/way2internet.com\/proyectos\/lab\/wp-json\/wp\/v2\/comments?post=202"}],"wp:featuredmedia":[{"embeddable":true,"href":"http:\/\/way2internet.com\/proyectos\/lab\/wp-json\/wp\/v2\/media\/226"}],"wp:attachment":[{"href":"http:\/\/way2internet.com\/proyectos\/lab\/wp-json\/wp\/v2\/media?parent=202"}],"wp:term":[{"taxonomy":"product_cat","embeddable":true,"href":"http:\/\/way2internet.com\/proyectos\/lab\/wp-json\/wp\/v2\/product_cat?post=202"},{"taxonomy":"product_tag","embeddable":true,"href":"http:\/\/way2internet.com\/proyectos\/lab\/wp-json\/wp\/v2\/product_tag?post=202"}],"curies":[{"name":"wp","href":"https:\/\/api.w.org\/{rel}","templated":true}]}}